{"id":1437,"date":"2025-11-12T14:23:07","date_gmt":"2025-11-12T14:23:07","guid":{"rendered":"https:\/\/mardiaquapark.com\/?page_id=1437"},"modified":"2026-03-15T19:45:31","modified_gmt":"2026-03-15T19:45:31","slug":"legal","status":"publish","type":"page","link":"https:\/\/mardiaquapark.com\/fr\/legal\/","title":{"rendered":"Legal"},"content":{"rendered":"\t\t<div data-elementor-type=\"wp-page\" data-elementor-id=\"1437\" class=\"elementor elementor-1437 elementor-541\" data-elementor-post-type=\"page\">\n\t\t\t\t<div class=\"elementor-element elementor-element-3a471c4 e-flex e-con-boxed e-con e-parent\" data-id=\"3a471c4\" data-element_type=\"container\" data-e-type=\"container\">\n\t\t\t\t\t<div class=\"e-con-inner\">\n\t\t\t\t<div class=\"elementor-element elementor-element-3a2b7d8 elementor-widget elementor-widget-text-editor\" data-id=\"3a2b7d8\" data-element_type=\"widget\" data-e-type=\"widget\" data-widget_type=\"text-editor.default\">\n\t\t\t\t\t\t\t\t\t<h1>Mentions L\u00e9gales<\/h1>\n<p>Evoost Real Tech S.L., responsable de ce site web, ci-apr\u00e8s d\u00e9nomm\u00e9 le RESPONSABLE, met ce document \u00e0 la disposition des utilisateurs afin de se conformer aux obligations \u00e9tablies par la Loi 34\/2002, du 11 juillet, relative aux Services de la Soci\u00e9t\u00e9 de l&rsquo;Information et du Commerce \u00c9lectronique (LSSICE), BOE n\u00b0 166, ainsi que pour informer tous les utilisateurs du site web des conditions d&rsquo;utilisation.<\/p>\n<p>Toute personne acc\u00e9dant \u00e0 ce site web assume le r\u00f4le d&rsquo;utilisateur, s&rsquo;engageant \u00e0 observer et \u00e0 respecter rigoureusement les dispositions \u00e9tablies dans les pr\u00e9sentes, ainsi que toutes autres dispositions l\u00e9gales applicables.<\/p>\n<p>Evoost Real Tech S.L. se r\u00e9serve le droit de modifier tout type d&rsquo;information pouvant appara\u00eetre sur le site web, sans obligation de pr\u00e9avis ni d&rsquo;information aux utilisateurs, \u00e9tant entendu que la publication sur le site web d&rsquo;Evoost Real Tech S.L. est suffisante.<\/p>\n\n<h2>1. Donn\u00e9es d&rsquo;Identification<\/h2>\n<ul>\n    <li><strong>Nom de domaine :<\/strong> https:\/\/mardiaquapark.com\/<\/li>\n    <li><strong>Nom commercial :<\/strong> Evoost Real Tech S.L.<\/li>\n    <li><strong>D\u00e9nomination sociale :<\/strong> Evoost Real Tech S.L.<\/li>\n    <li><strong>Num\u00e9ro d&rsquo;identification fiscale :<\/strong> B16420051<\/li>\n    <li><strong>Si\u00e8ge social :<\/strong> C\/ Jovellanos 10 BAJOIZQ, 33206 GIJON (ASTURIAS)<\/li>\n    <li><strong>E-mail :<\/strong> protecciondedatos@evoost.ai<\/li>\n<\/ul>\n\n<h2>2. Droits de Propri\u00e9t\u00e9 Intellectuelle et Industrielle<\/h2>\n<p>Le site web, incluant, entre autres, sa programmation, son \u00e9dition, sa compilation et les autres \u00e9l\u00e9ments n\u00e9cessaires \u00e0 son fonctionnement, ses designs, logos, textes et\/ou graphiques, sont la propri\u00e9t\u00e9 du RESPONSABLE ou, le cas \u00e9ch\u00e9ant, font l&rsquo;objet d&rsquo;une licence ou autorisation expresse de leurs auteurs. Tous les contenus du site web sont d\u00fbment prot\u00e9g\u00e9s par la r\u00e9glementation en mati\u00e8re de propri\u00e9t\u00e9 intellectuelle et industrielle, et enregistr\u00e9s dans les registres publics correspondants.<\/p>\n<p>Quelle que soit la finalit\u00e9 pour laquelle ils sont destin\u00e9s, la reproduction totale ou partielle, l&rsquo;utilisation, l&rsquo;exploitation, la distribution et la commercialisation requi\u00e8rent dans tous les cas une autorisation \u00e9crite pr\u00e9alable du RESPONSABLE. Toute utilisation non pr\u00e9alablement autoris\u00e9e est consid\u00e9r\u00e9e comme une violation grave des droits de propri\u00e9t\u00e9 intellectuelle ou industrielle de l&rsquo;auteur.<\/p>\n<p>Les designs, logos, textes et\/ou graphiques n&rsquo;appartenant pas au RESPONSABLE pouvant appara\u00eetre sur le site web appartiennent \u00e0 leurs propri\u00e9taires respectifs, qui sont eux-m\u00eames responsables de tout litige \u00e9ventuel les concernant. Le RESPONSABLE autorise express\u00e9ment les tiers \u00e0 rediriger directement vers des contenus sp\u00e9cifiques du site web, et dans tous les cas vers le site principal http:\/\/www.evoost.ai\/.<\/p>\n<p>Le RESPONSABLE reconna\u00eet en faveur de leurs titulaires les droits de propri\u00e9t\u00e9 intellectuelle et industrielle correspondants, et leur simple mention ou apparition sur le site web n&rsquo;implique pas l&rsquo;existence de droits ou de responsabilit\u00e9 \u00e0 leur \u00e9gard, ni endorsement, parrainage ou recommandation de sa part.<\/p>\n<p>Pour toute observation concernant d&rsquo;\u00e9ventuelles violations de droits de propri\u00e9t\u00e9 intellectuelle ou industrielle, ainsi que sur tout contenu du site web, vous pouvez le faire via l&rsquo;adresse e-mail <a href=\"mailto:hello@evoost.ai\">hello@evoost.ai<\/a>.<\/p>\n\n<h2>3. Clause de Non-Responsabilit\u00e9<\/h2>\n<p>Le RESPONSABLE est exon\u00e9r\u00e9 de toute responsabilit\u00e9 d\u00e9coulant des informations publi\u00e9es sur son site web, \u00e0 condition que ces informations aient \u00e9t\u00e9 manipul\u00e9es ou introduites par un tiers ext\u00e9rieur \u00e0 celui-ci.<\/p>\n\n<h3>Politique de Liens<\/h3>\n<p>Depuis le site web, il est possible d&rsquo;\u00eatre redirig\u00e9 vers des contenus de sites web tiers. \u00c9tant donn\u00e9 que le RESPONSABLE ne peut pas toujours contr\u00f4ler les contenus introduits par des tiers sur leurs sites respectifs, il n&rsquo;assume aucune responsabilit\u00e9 quant \u00e0 ces contenus. En tout \u00e9tat de cause, il proc\u00e9dera \u00e0 la suppression imm\u00e9diate de tout contenu pouvant contrevenir \u00e0 la l\u00e9gislation nationale ou internationale, \u00e0 la morale ou \u00e0 l&rsquo;ordre public, en supprimant imm\u00e9diatement la redirection vers ledit site et en informant les autorit\u00e9s comp\u00e9tentes du contenu en question.<\/p>\n<p>Le RESPONSABLE n&rsquo;est pas responsable des informations et contenus stock\u00e9s, \u00e0 titre d&rsquo;exemple mais non limitatif, dans des forums, chats, g\u00e9n\u00e9rateurs de blogs, commentaires, r\u00e9seaux sociaux ou tout autre moyen permettant \u00e0 des tiers de publier des contenus de mani\u00e8re ind\u00e9pendante sur le site web du RESPONSABLE. Toutefois, et conform\u00e9ment aux dispositions des articles 11 et 16 de la LSSICE, il est mis \u00e0 la disposition de tous les utilisateurs, autorit\u00e9s et forces de s\u00e9curit\u00e9, en collaborant activement \u00e0 la suppression ou, le cas \u00e9ch\u00e9ant, au blocage de tous les contenus susceptibles d&rsquo;affecter ou de contrevenir \u00e0 la l\u00e9gislation nationale ou internationale, aux droits des tiers ou \u00e0 la morale et \u00e0 l&rsquo;ordre public. Si l&rsquo;utilisateur estime qu&rsquo;il existe sur le site web un contenu susceptible d&rsquo;entrer dans cette classification, veuillez en informer imm\u00e9diatement l&rsquo;administrateur du site.<\/p>\n<p>Ce site web a \u00e9t\u00e9 r\u00e9vis\u00e9 et test\u00e9 pour fonctionner correctement. En principe, un fonctionnement correct peut \u00eatre garanti 365 jours par an, 24 heures sur 24. Cependant, le RESPONSABLE n&rsquo;exclut pas la possibilit\u00e9 que certaines erreurs de programmation se produisent, ou que des cas de force majeure, catastrophes naturelles, gr\u00e8ves ou circonstances similaires rendent l&rsquo;acc\u00e8s au site web impossible.<\/p>\n\n<h3>Adresses IP<\/h3>\n<p>Les serveurs du site web peuvent d\u00e9tecter automatiquement l&rsquo;adresse IP et le nom de domaine utilis\u00e9s par l&rsquo;utilisateur. Une adresse IP est un num\u00e9ro attribu\u00e9 automatiquement \u00e0 un ordinateur lorsqu&rsquo;il se connecte \u00e0 Internet. Toutes ces informations sont enregistr\u00e9es dans un fichier d&rsquo;activit\u00e9 du serveur qui permet un traitement ult\u00e9rieur des donn\u00e9es afin d&rsquo;obtenir uniquement des mesures statistiques permettant de conna\u00eetre le nombre d&rsquo;impressions de pages, le nombre de visites effectu\u00e9es sur les serveurs web, l&rsquo;ordre des visites, le point d&rsquo;acc\u00e8s, etc.<\/p>\n\n<h2>4. L\u00e9gislation Applicable et Juridiction<\/h2>\n<p>Pour la r\u00e9solution de tout litige ou question relative \u00e0 ce site web ou aux activit\u00e9s qui y sont d\u00e9velopp\u00e9es, la l\u00e9gislation espagnole s&rsquo;appliquera, \u00e0 laquelle les parties se soumettent express\u00e9ment, les Tribunaux et Cours les plus proches de GIJON \u00e9tant comp\u00e9tents pour la r\u00e9solution de tout litige d\u00e9coulant de ou li\u00e9 \u00e0 son utilisation.<\/p>\t\t\t\t\t\t\t\t<\/div>\n\t\t\t\t\t<\/div>\n\t\t\t\t<\/div>\n\t\t\t\t<\/div>\n\t\t","protected":false},"excerpt":{"rendered":"<p>Mentions L\u00e9gales Evoost Real Tech S.L., responsable de ce site web, ci-apr\u00e8s d\u00e9nomm\u00e9 le RESPONSABLE, met ce document \u00e0 la disposition des utilisateurs afin de se conformer aux obligations \u00e9tablies par la Loi 34\/2002, du 11 juillet, relative aux Services de la Soci\u00e9t\u00e9 de l&rsquo;Information et du Commerce \u00c9lectronique (LSSICE), BOE n\u00b0 166, ainsi que [&hellip;]<\/p>\n","protected":false},"author":25,"featured_media":0,"parent":0,"menu_order":0,"comment_status":"closed","ping_status":"closed","template":"","meta":{"_acf_changed":false,"footnotes":""},"class_list":["post-1437","page","type-page","status-publish","hentry"],"acf":[],"yoast_head":"<!-- This site is optimized with the Yoast SEO plugin v27.1.1 - https:\/\/yoast.com\/product\/yoast-seo-wordpress\/ -->\n<title>Legal &#8212; Mardi Aqua Park<\/title>\n<meta name=\"robots\" content=\"index, follow, max-snippet:-1, max-image-preview:large, max-video-preview:-1\" \/>\n<link rel=\"canonical\" href=\"https:\/\/mardiaquapark.com\/fr\/legal\/\" \/>\n<meta property=\"og:locale\" content=\"fr_FR\" \/>\n<meta property=\"og:type\" content=\"article\" \/>\n<meta property=\"og:title\" content=\"Legal &#8212; Mardi Aqua Park\" \/>\n<meta property=\"og:description\" content=\"Mentions L\u00e9gales Evoost Real Tech S.L., responsable de ce site web, ci-apr\u00e8s d\u00e9nomm\u00e9 le RESPONSABLE, met ce document \u00e0 la disposition des utilisateurs afin de se conformer aux obligations \u00e9tablies par la Loi 34\/2002, du 11 juillet, relative aux Services de la Soci\u00e9t\u00e9 de l&rsquo;Information et du Commerce \u00c9lectronique (LSSICE), BOE n\u00b0 166, ainsi que [&hellip;]\" \/>\n<meta property=\"og:url\" content=\"https:\/\/mardiaquapark.com\/fr\/legal\/\" \/>\n<meta property=\"og:site_name\" content=\"Mardi Aqua Park\" \/>\n<meta property=\"article:modified_time\" content=\"2026-03-15T19:45:31+00:00\" \/>\n<meta name=\"twitter:card\" content=\"summary_large_image\" \/>\n<meta name=\"twitter:label1\" content=\"Dur\u00e9e de lecture estim\u00e9e\" \/>\n\t<meta name=\"twitter:data1\" content=\"5 minutes\" \/>\n<script type=\"application\/ld+json\" class=\"yoast-schema-graph\">{\"@context\":\"https:\/\/schema.org\",\"@graph\":[{\"@type\":\"WebPage\",\"@id\":\"https:\/\/mardiaquapark.com\/fr\/legal\/\",\"url\":\"https:\/\/mardiaquapark.com\/fr\/legal\/\",\"name\":\"Legal &#8212; Mardi Aqua Park\",\"isPartOf\":{\"@id\":\"https:\/\/mardiaquapark.com\/#website\"},\"datePublished\":\"2025-11-12T14:23:07+00:00\",\"dateModified\":\"2026-03-15T19:45:31+00:00\",\"breadcrumb\":{\"@id\":\"https:\/\/mardiaquapark.com\/fr\/legal\/#breadcrumb\"},\"inLanguage\":\"fr-FR\",\"potentialAction\":[{\"@type\":\"ReadAction\",\"target\":[\"https:\/\/mardiaquapark.com\/fr\/legal\/\"]}]},{\"@type\":\"BreadcrumbList\",\"@id\":\"https:\/\/mardiaquapark.com\/fr\/legal\/#breadcrumb\",\"itemListElement\":[{\"@type\":\"ListItem\",\"position\":1,\"name\":\"Portada\",\"item\":\"https:\/\/mardiaquapark.com\/fr\/\"},{\"@type\":\"ListItem\",\"position\":2,\"name\":\"Legal\"}]},{\"@type\":\"WebSite\",\"@id\":\"https:\/\/mardiaquapark.com\/#website\",\"url\":\"https:\/\/mardiaquapark.com\/\",\"name\":\"Mardi Aquapark\",\"description\":\"\",\"publisher\":{\"@id\":\"https:\/\/mardiaquapark.com\/#organization\"},\"potentialAction\":[{\"@type\":\"SearchAction\",\"target\":{\"@type\":\"EntryPoint\",\"urlTemplate\":\"https:\/\/mardiaquapark.com\/?s={search_term_string}\"},\"query-input\":{\"@type\":\"PropertyValueSpecification\",\"valueRequired\":true,\"valueName\":\"search_term_string\"}}],\"inLanguage\":\"fr-FR\"},{\"@type\":\"Organization\",\"@id\":\"https:\/\/mardiaquapark.com\/#organization\",\"name\":\"Novotel Living\",\"url\":\"https:\/\/mardiaquapark.com\/\",\"logo\":{\"@type\":\"ImageObject\",\"inLanguage\":\"fr-FR\",\"@id\":\"https:\/\/mardiaquapark.com\/#\/schema\/logo\/image\/\",\"url\":\"https:\/\/mardiaquapark.com\/wp-content\/uploads\/2026\/02\/Mercure-Mardi-Aquapark-positivo.png\",\"contentUrl\":\"https:\/\/mardiaquapark.com\/wp-content\/uploads\/2026\/02\/Mercure-Mardi-Aquapark-positivo.png\",\"width\":849,\"height\":363,\"caption\":\"Novotel Living\"},\"image\":{\"@id\":\"https:\/\/mardiaquapark.com\/#\/schema\/logo\/image\/\"}}]}<\/script>\n<!-- \/ Yoast SEO plugin. -->","yoast_head_json":{"title":"Legal &#8212; Mardi Aqua Park","robots":{"index":"index","follow":"follow","max-snippet":"max-snippet:-1","max-image-preview":"max-image-preview:large","max-video-preview":"max-video-preview:-1"},"canonical":"https:\/\/mardiaquapark.com\/fr\/legal\/","og_locale":"fr_FR","og_type":"article","og_title":"Legal &#8212; Mardi Aqua Park","og_description":"Mentions L\u00e9gales Evoost Real Tech S.L., responsable de ce site web, ci-apr\u00e8s d\u00e9nomm\u00e9 le RESPONSABLE, met ce document \u00e0 la disposition des utilisateurs afin de se conformer aux obligations \u00e9tablies par la Loi 34\/2002, du 11 juillet, relative aux Services de la Soci\u00e9t\u00e9 de l&rsquo;Information et du Commerce \u00c9lectronique (LSSICE), BOE n\u00b0 166, ainsi que [&hellip;]","og_url":"https:\/\/mardiaquapark.com\/fr\/legal\/","og_site_name":"Mardi Aqua Park","article_modified_time":"2026-03-15T19:45:31+00:00","twitter_card":"summary_large_image","twitter_misc":{"Dur\u00e9e de lecture estim\u00e9e":"5 minutes"},"schema":{"@context":"https:\/\/schema.org","@graph":[{"@type":"WebPage","@id":"https:\/\/mardiaquapark.com\/fr\/legal\/","url":"https:\/\/mardiaquapark.com\/fr\/legal\/","name":"Legal &#8212; Mardi Aqua Park","isPartOf":{"@id":"https:\/\/mardiaquapark.com\/#website"},"datePublished":"2025-11-12T14:23:07+00:00","dateModified":"2026-03-15T19:45:31+00:00","breadcrumb":{"@id":"https:\/\/mardiaquapark.com\/fr\/legal\/#breadcrumb"},"inLanguage":"fr-FR","potentialAction":[{"@type":"ReadAction","target":["https:\/\/mardiaquapark.com\/fr\/legal\/"]}]},{"@type":"BreadcrumbList","@id":"https:\/\/mardiaquapark.com\/fr\/legal\/#breadcrumb","itemListElement":[{"@type":"ListItem","position":1,"name":"Portada","item":"https:\/\/mardiaquapark.com\/fr\/"},{"@type":"ListItem","position":2,"name":"Legal"}]},{"@type":"WebSite","@id":"https:\/\/mardiaquapark.com\/#website","url":"https:\/\/mardiaquapark.com\/","name":"Mardi Aquapark","description":"","publisher":{"@id":"https:\/\/mardiaquapark.com\/#organization"},"potentialAction":[{"@type":"SearchAction","target":{"@type":"EntryPoint","urlTemplate":"https:\/\/mardiaquapark.com\/?s={search_term_string}"},"query-input":{"@type":"PropertyValueSpecification","valueRequired":true,"valueName":"search_term_string"}}],"inLanguage":"fr-FR"},{"@type":"Organization","@id":"https:\/\/mardiaquapark.com\/#organization","name":"Novotel Living","url":"https:\/\/mardiaquapark.com\/","logo":{"@type":"ImageObject","inLanguage":"fr-FR","@id":"https:\/\/mardiaquapark.com\/#\/schema\/logo\/image\/","url":"https:\/\/mardiaquapark.com\/wp-content\/uploads\/2026\/02\/Mercure-Mardi-Aquapark-positivo.png","contentUrl":"https:\/\/mardiaquapark.com\/wp-content\/uploads\/2026\/02\/Mercure-Mardi-Aquapark-positivo.png","width":849,"height":363,"caption":"Novotel Living"},"image":{"@id":"https:\/\/mardiaquapark.com\/#\/schema\/logo\/image\/"}}]}},"_links":{"self":[{"href":"https:\/\/mardiaquapark.com\/fr\/wp-json\/wp\/v2\/pages\/1437","targetHints":{"allow":["GET"]}}],"collection":[{"href":"https:\/\/mardiaquapark.com\/fr\/wp-json\/wp\/v2\/pages"}],"about":[{"href":"https:\/\/mardiaquapark.com\/fr\/wp-json\/wp\/v2\/types\/page"}],"author":[{"embeddable":true,"href":"https:\/\/mardiaquapark.com\/fr\/wp-json\/wp\/v2\/users\/25"}],"replies":[{"embeddable":true,"href":"https:\/\/mardiaquapark.com\/fr\/wp-json\/wp\/v2\/comments?post=1437"}],"version-history":[{"count":6,"href":"https:\/\/mardiaquapark.com\/fr\/wp-json\/wp\/v2\/pages\/1437\/revisions"}],"predecessor-version":[{"id":1510,"href":"https:\/\/mardiaquapark.com\/fr\/wp-json\/wp\/v2\/pages\/1437\/revisions\/1510"}],"wp:attachment":[{"href":"https:\/\/mardiaquapark.com\/fr\/wp-json\/wp\/v2\/media?parent=1437"}],"curies":[{"name":"wp","href":"https:\/\/api.w.org\/{rel}","templated":true}]}}