{"id":1744,"date":"2025-11-12T14:23:07","date_gmt":"2025-11-12T14:23:07","guid":{"rendered":"https:\/\/mardiaquapark.com\/?page_id=1744"},"modified":"2026-03-19T19:53:40","modified_gmt":"2026-03-19T19:53:40","slug":"privacy","status":"publish","type":"page","link":"https:\/\/mardiaquapark.com\/pl\/privacy\/","title":{"rendered":"Privacy"},"content":{"rendered":"\t\t<div data-elementor-type=\"wp-page\" data-elementor-id=\"1744\" class=\"elementor elementor-1744 elementor-543\" data-elementor-post-type=\"page\">\n\t\t\t\t<div class=\"elementor-element elementor-element-741d502 e-flex e-con-boxed e-con e-parent\" data-id=\"741d502\" data-element_type=\"container\" data-e-type=\"container\">\n\t\t\t\t\t<div class=\"e-con-inner\">\n\t\t\t\t<div class=\"elementor-element elementor-element-ae2576c elementor-widget elementor-widget-text-editor\" data-id=\"ae2576c\" data-element_type=\"widget\" data-e-type=\"widget\" data-widget_type=\"text-editor.default\">\n\t\t\t\t\t\t\t\t\t<h1>Ochrona danych \u2013 strony promocyjne<\/h1>\nOstatnia aktualizacja: 10 wrze\u015bnia 2025 r.\n<h2>1. Administrator danych<\/h2>\nEvoost Real Tech S.L., z numerem NIP B16420051 i siedzib\u0105 przy Calle Jovellanos, 10 BAJO IZQ \u2013 33206 Gij\u00f3n (Asturias), jest podmiotem odpowiedzialnym za przetwarzanie danych osobowych gromadzonych za po\u015brednictwem tej strony internetowej oraz kana\u0142\u00f3w zewn\u0119trznych odsy\u0142aj\u0105cych do niniejszej polityki. Adres e-mail do kontaktu: protecciondedatos@evoost.ai\n<h2>2. Kategorie gromadzonych danych osobowych<\/h2>\nMo\u017cemy przetwarza\u0107 nast\u0119puj\u0105ce kategorie danych osobowych:\n<ul>\n \t<li><strong>Dane identyfikacyjne:<\/strong> imi\u0119 i nazwisko<\/li>\n \t<li><strong>Dane kontaktowe:<\/strong> e-mail, numer telefonu<\/li>\n \t<li><strong>Dane o lokalizacji lub obszarze zainteresowania<\/strong><\/li>\n \t<li><strong>Dane dotycz\u0105ce profilu i motywacji do zakupu nieruchomo\u015bci<\/strong><\/li>\n \t<li><strong>Dane dotycz\u0105ce nawigacji i interakcji z witryn\u0105<\/strong><\/li>\n \t<li><strong>Nagrania lub transkrypcje generowane przez asystent\u00f3w g\u0142osowych<\/strong><\/li>\n \t<li><strong>Rozmowy prowadzone za po\u015brednictwem komunikator\u00f3w internetowych<\/strong> (takich jak WhatsApp Business)<\/li>\n \t<li><strong>Identyfikatory online, adresy IP i nawyki przegl\u0105dania<\/strong> gromadzone za po\u015brednictwem plik\u00f3w cookies<\/li>\n<\/ul>\n<h2>3. \u0179r\u00f3d\u0142o danych<\/h2>\nDane s\u0105 gromadzone poprzez:\n<ul>\n \t<li>Formularze kontaktowe na stronie internetowej<\/li>\n \t<li>Zautomatyzowane kana\u0142y obs\u0142ugi zarz\u0105dzane przez Evoost, takie jak:\n<ul>\n \t<li>Wirtualny asystent g\u0142osowy<\/li>\n \t<li>Agent konwersacyjny zintegrowany z witryn\u0105<\/li>\n \t<li>Kana\u0142 komunikatora (WhatsApp Business)<\/li>\n<\/ul>\n<\/li>\n \t<li>Dzia\u0142ania komercyjne lub wydarzenia<\/li>\n \t<li>Pliki cookies i podobne technologie (patrz punkt 13)<\/li>\n<\/ul>\nW przypadku kana\u0142\u00f3w zewn\u0119trznych, takich jak WhatsApp, u\u017cytkownik mo\u017ce podlega\u0107 r\u00f3wnie\u017c polityce prywatno\u015bci firmy WhatsApp.\n<h2>4. Cel przetwarzania<\/h2>\nDane b\u0119d\u0105 przetwarzane w nast\u0119puj\u0105cych celach:\n<ul>\n \t<li>Obs\u0142uga zapyta\u0144 i zainteresowa\u0144 dotycz\u0105cych inwestycji nieruchomo\u015bciowych<\/li>\n \t<li>Zarz\u0105dzanie informacjami i komunikacj\u0105 handlow\u0105<\/li>\n \t<li>Przeprowadzanie segmentacji i kwalifikacji handlowej u\u017cytkownik\u00f3w<\/li>\n \t<li>Prowadzenie analiz statystycznych i wewn\u0119trznych bada\u0144 rynkowych<\/li>\n \t<li>Przekazywanie danych do Mardi Waterfront LLC w celu obs\u0142ugi dzia\u0142a\u0144 handlowych i\/lub procesu rezerwacji oraz sprzeda\u017cy nieruchomo\u015bci<\/li>\n \t<li>Analiza zachowa\u0144 u\u017cytkownik\u00f3w w witrynie przy u\u017cyciu narz\u0119dzi analitycznych, takich jak Google Analytics<\/li>\n<\/ul>\n<h2>5. Podstawa prawna przetwarzania<\/h2>\nPrzetwarzanie danych opiera si\u0119 na:\n<ul>\n \t<li>Wyra\u017anej zgodzie u\u017cytkownika<\/li>\n \t<li>Prawnie uzasadnionym interesie administratora w celu utrzymywania kontaktu z osobami zainteresowanymi inwestycjami<\/li>\n \t<li>Realizacji \u015brodk\u00f3w przedumownych na \u017c\u0105danie osoby, kt\u00f3rej dane dotycz\u0105<\/li>\n<\/ul>\n<h2>6. Odbiorcy danych<\/h2>\nDane mog\u0105 by\u0107 przekazywane do:\n<ul>\n \t<li>Dewelopera <strong>Mardi Waterfront LLC<\/strong>, jako niezale\u017cnego podmiotu, w celach zarz\u0105dzania handlowego<\/li>\n \t<li>Dostawc\u00f3w dzia\u0142aj\u0105cych jako podmioty przetwarzaj\u0105ce dane, w tym:\n<ul>\n \t<li>Platformy do wysy\u0142ki komunikat\u00f3w<\/li>\n \t<li>Zautomatyzowane narz\u0119dzia obs\u0142ugi klienta i CRM<\/li>\n \t<li>Us\u0142ugi analityczne (takie jak Google Analytics)<\/li>\n \t<li>Zewn\u0119trzne us\u0142ugi komunikacyjne (takie jak WhatsApp Business)<\/li>\n<\/ul>\n<\/li>\n<\/ul>\nGdy u\u017cytkownik wchodzi w interakcj\u0119 za po\u015brednictwem WhatsApp lub uzyskuje dost\u0119p do tre\u015bci analizowanych przez Google Analytics, jego dane mog\u0105 by\u0107 r\u00f3wnie\u017c przetwarzane zgodnie z ich odpowiednimi politykami prywatno\u015bci, dost\u0119pnymi pod adresami:\n<ul>\n \t<li>Google \u2013 Polityka Prywatno\u015bci<\/li>\n \t<li>WhatsApp \u2013 Polityka Prywatno\u015bci<\/li>\n<\/ul>\n<h2>7. Mi\u0119dzynarodowe transfery danych<\/h2>\nW niekt\u00f3rych przypadkach dane mog\u0105 by\u0107 przetwarzane poza Europejskim Obszarem Gospodarczym, na przyk\u0142ad przez us\u0142ugi analityczne lub komunikacyjne. W takich sytuacjach zostan\u0105 zastosowane odpowiednie \u015brodki, takie jak:\n<ul>\n \t<li>Standardowe klauzule umowne zatwierdzone przez Komisj\u0119 Europejsk\u0105<\/li>\n \t<li>Przyst\u0105pienie do ram ochrony danych UE-USA<\/li>\n \t<li>Dodatkowe mechanizmy bezpiecze\u0144stwa, takie jak szyfrowanie lub pseudonimizacja<\/li>\n<\/ul>\n<h2>8. Okresy przechowywania<\/h2>\nDane b\u0119d\u0105 przechowywane:\n<ul>\n \t<li>Dop\u00f3ki trwa aktywna relacja z u\u017cytkownikiem lub do momentu zg\u0142oszenia \u017c\u0105dania usuni\u0119cia<\/li>\n \t<li>Do 5 lat od ostatniego kontaktu handlowego<\/li>\n \t<li>Przez okresy wymagane przez obowi\u0105zki prawne<\/li>\n<\/ul>\n<h2>9. Prawa u\u017cytkownika<\/h2>\nU\u017cytkownik ma prawo do:\n<ul>\n \t<li>Dost\u0119pu do swoich danych, ich sprostowania lub usuni\u0119cia<\/li>\n \t<li>\u017b\u0105dania ograniczenia przetwarzania lub wniesienia sprzeciwu wobec przetwarzania<\/li>\n \t<li>Skorzystania z prawa do przenoszenia danych<\/li>\n \t<li>Wycofania zgody w dowolnym momencie<\/li>\n \t<li>Wniesienia skargi do Hiszpa\u0144skiej Agencji Ochrony Danych (www.aepd.es)<\/li>\n<\/ul>\nAby skorzysta\u0107 z tych praw, mo\u017cna skontaktowa\u0107 si\u0119 pod adresem:\n<ul>\n \t<li><strong>E-mail:<\/strong> protecciondedatos@evoost.ai<\/li>\n \t<li><strong>Adres:<\/strong> Calle Jovellanos, 10 BAJO IZQ \u2013 33206 Gij\u00f3n (Asturias), Hiszpania<\/li>\n<\/ul>\n<h2>10. \u015arodki bezpiecze\u0144stwa<\/h2>\nZastosowano odpowiednie \u015brodki techniczne i organizacyjne w celu ochrony danych osobowych przed nieuprawnionym dost\u0119pem, utrat\u0105, zmian\u0105 lub zniszczeniem, zgodnie z art. 32 RODO.\n<h2>11. Obowi\u0105zkowy charakter \u017c\u0105danych danych<\/h2>\nWszystkie pola oznaczone gwiazdk\u0105 (*) w formularzach s\u0105 obowi\u0105zkowe. Brak tych danych mo\u017ce uniemo\u017cliwi\u0107 prawid\u0142ow\u0105 obs\u0142ug\u0119 zapytania u\u017cytkownika.\n<h2>12. Zmiany w Polityce Prywatno\u015bci<\/h2>\nNiniejsza polityka mo\u017ce by\u0107 aktualizowana w wyniku zmian prawnych lub technicznych. Ka\u017cda modyfikacja zostanie og\u0142oszona poprzez powiadomienie na stronie internetowej.\n\nOstatnia aktualizacja: 10 wrze\u015bnia 2025 r.\n<h2>13. Korzystanie z plik\u00f3w cookies<\/h2>\nNiniejsza witryna korzysta z technicznych, analitycznych i reklamowych plik\u00f3w cookies, zar\u00f3wno w\u0142asnych, jak i stron trzecich. Obejmuje to pliki cookies Google Analytics, kt\u00f3re przetwarzaj\u0105 dane osobowe, takie jak adres IP, identyfikatory sesji, odwiedzane strony i czas przegl\u0105dania. Informacje te s\u0105 wykorzystywane do cel\u00f3w statystycznych, ulepszania us\u0142ug i personalizacji tre\u015bci prezentowanych u\u017cytkownikowi. Korzystanie z Google Analytics wi\u0105\u017ce si\u0119 z przetwarzaniem danych przez Google zgodnie z jego polityk\u0105 prywatno\u015bci. Wi\u0119cej informacji mo\u017cna znale\u017a\u0107 w naszej [Polityce plik\u00f3w cookie].\t\t\t\t\t\t\t\t<\/div>\n\t\t\t\t\t<\/div>\n\t\t\t\t<\/div>\n\t\t\t\t<\/div>\n\t\t","protected":false},"excerpt":{"rendered":"<p>Ochrona danych \u2013 strony promocyjne Ostatnia aktualizacja: 10 wrze\u015bnia 2025 r. 1. Administrator danych Evoost Real Tech S.L., z numerem NIP B16420051 i siedzib\u0105 przy Calle Jovellanos, 10 BAJO IZQ \u2013 33206 Gij\u00f3n (Asturias), jest podmiotem odpowiedzialnym za przetwarzanie danych osobowych gromadzonych za po\u015brednictwem tej strony internetowej oraz kana\u0142\u00f3w zewn\u0119trznych odsy\u0142aj\u0105cych do niniejszej polityki. Adres [&hellip;]<\/p>\n","protected":false},"author":25,"featured_media":0,"parent":0,"menu_order":0,"comment_status":"closed","ping_status":"closed","template":"","meta":{"_acf_changed":false,"footnotes":""},"class_list":["post-1744","page","type-page","status-publish","hentry"],"acf":[],"yoast_head":"<!-- This site is optimized with the Yoast SEO plugin v27.1.1 - https:\/\/yoast.com\/product\/yoast-seo-wordpress\/ -->\n<title>Privacy &#8212; Mardi Aqua Park<\/title>\n<meta name=\"robots\" content=\"index, follow, max-snippet:-1, max-image-preview:large, max-video-preview:-1\" \/>\n<link rel=\"canonical\" href=\"https:\/\/mardiaquapark.com\/pl\/privacy\/\" \/>\n<meta property=\"og:locale\" content=\"pl_PL\" \/>\n<meta property=\"og:type\" content=\"article\" \/>\n<meta property=\"og:title\" content=\"Privacy &#8212; Mardi Aqua Park\" \/>\n<meta property=\"og:description\" content=\"Ochrona danych \u2013 strony promocyjne Ostatnia aktualizacja: 10 wrze\u015bnia 2025 r. 1. Administrator danych Evoost Real Tech S.L., z numerem NIP B16420051 i siedzib\u0105 przy Calle Jovellanos, 10 BAJO IZQ \u2013 33206 Gij\u00f3n (Asturias), jest podmiotem odpowiedzialnym za przetwarzanie danych osobowych gromadzonych za po\u015brednictwem tej strony internetowej oraz kana\u0142\u00f3w zewn\u0119trznych odsy\u0142aj\u0105cych do niniejszej polityki. Adres [&hellip;]\" \/>\n<meta property=\"og:url\" content=\"https:\/\/mardiaquapark.com\/pl\/privacy\/\" \/>\n<meta property=\"og:site_name\" content=\"Mardi Aqua Park\" \/>\n<meta property=\"article:modified_time\" content=\"2026-03-19T19:53:40+00:00\" \/>\n<meta name=\"twitter:card\" content=\"summary_large_image\" \/>\n<meta name=\"twitter:label1\" content=\"Szacowany czas czytania\" \/>\n\t<meta name=\"twitter:data1\" content=\"5 minut\" \/>\n<script type=\"application\/ld+json\" class=\"yoast-schema-graph\">{\"@context\":\"https:\/\/schema.org\",\"@graph\":[{\"@type\":\"WebPage\",\"@id\":\"https:\/\/mardiaquapark.com\/pl\/privacy\/\",\"url\":\"https:\/\/mardiaquapark.com\/pl\/privacy\/\",\"name\":\"Privacy &#8212; Mardi Aqua Park\",\"isPartOf\":{\"@id\":\"https:\/\/mardiaquapark.com\/#website\"},\"datePublished\":\"2025-11-12T14:23:07+00:00\",\"dateModified\":\"2026-03-19T19:53:40+00:00\",\"breadcrumb\":{\"@id\":\"https:\/\/mardiaquapark.com\/pl\/privacy\/#breadcrumb\"},\"inLanguage\":\"pl-PL\",\"potentialAction\":[{\"@type\":\"ReadAction\",\"target\":[\"https:\/\/mardiaquapark.com\/pl\/privacy\/\"]}]},{\"@type\":\"BreadcrumbList\",\"@id\":\"https:\/\/mardiaquapark.com\/pl\/privacy\/#breadcrumb\",\"itemListElement\":[{\"@type\":\"ListItem\",\"position\":1,\"name\":\"Portada\",\"item\":\"https:\/\/mardiaquapark.com\/pl\/\"},{\"@type\":\"ListItem\",\"position\":2,\"name\":\"Privacy\"}]},{\"@type\":\"WebSite\",\"@id\":\"https:\/\/mardiaquapark.com\/#website\",\"url\":\"https:\/\/mardiaquapark.com\/\",\"name\":\"Mardi Aquapark\",\"description\":\"\",\"publisher\":{\"@id\":\"https:\/\/mardiaquapark.com\/#organization\"},\"potentialAction\":[{\"@type\":\"SearchAction\",\"target\":{\"@type\":\"EntryPoint\",\"urlTemplate\":\"https:\/\/mardiaquapark.com\/?s={search_term_string}\"},\"query-input\":{\"@type\":\"PropertyValueSpecification\",\"valueRequired\":true,\"valueName\":\"search_term_string\"}}],\"inLanguage\":\"pl-PL\"},{\"@type\":\"Organization\",\"@id\":\"https:\/\/mardiaquapark.com\/#organization\",\"name\":\"Novotel Living\",\"url\":\"https:\/\/mardiaquapark.com\/\",\"logo\":{\"@type\":\"ImageObject\",\"inLanguage\":\"pl-PL\",\"@id\":\"https:\/\/mardiaquapark.com\/#\/schema\/logo\/image\/\",\"url\":\"https:\/\/mardiaquapark.com\/wp-content\/uploads\/2026\/02\/Mercure-Mardi-Aquapark-positivo.png\",\"contentUrl\":\"https:\/\/mardiaquapark.com\/wp-content\/uploads\/2026\/02\/Mercure-Mardi-Aquapark-positivo.png\",\"width\":849,\"height\":363,\"caption\":\"Novotel Living\"},\"image\":{\"@id\":\"https:\/\/mardiaquapark.com\/#\/schema\/logo\/image\/\"}}]}<\/script>\n<!-- \/ Yoast SEO plugin. -->","yoast_head_json":{"title":"Privacy &#8212; Mardi Aqua Park","robots":{"index":"index","follow":"follow","max-snippet":"max-snippet:-1","max-image-preview":"max-image-preview:large","max-video-preview":"max-video-preview:-1"},"canonical":"https:\/\/mardiaquapark.com\/pl\/privacy\/","og_locale":"pl_PL","og_type":"article","og_title":"Privacy &#8212; Mardi Aqua Park","og_description":"Ochrona danych \u2013 strony promocyjne Ostatnia aktualizacja: 10 wrze\u015bnia 2025 r. 1. Administrator danych Evoost Real Tech S.L., z numerem NIP B16420051 i siedzib\u0105 przy Calle Jovellanos, 10 BAJO IZQ \u2013 33206 Gij\u00f3n (Asturias), jest podmiotem odpowiedzialnym za przetwarzanie danych osobowych gromadzonych za po\u015brednictwem tej strony internetowej oraz kana\u0142\u00f3w zewn\u0119trznych odsy\u0142aj\u0105cych do niniejszej polityki. Adres [&hellip;]","og_url":"https:\/\/mardiaquapark.com\/pl\/privacy\/","og_site_name":"Mardi Aqua Park","article_modified_time":"2026-03-19T19:53:40+00:00","twitter_card":"summary_large_image","twitter_misc":{"Szacowany czas czytania":"5 minut"},"schema":{"@context":"https:\/\/schema.org","@graph":[{"@type":"WebPage","@id":"https:\/\/mardiaquapark.com\/pl\/privacy\/","url":"https:\/\/mardiaquapark.com\/pl\/privacy\/","name":"Privacy &#8212; Mardi Aqua Park","isPartOf":{"@id":"https:\/\/mardiaquapark.com\/#website"},"datePublished":"2025-11-12T14:23:07+00:00","dateModified":"2026-03-19T19:53:40+00:00","breadcrumb":{"@id":"https:\/\/mardiaquapark.com\/pl\/privacy\/#breadcrumb"},"inLanguage":"pl-PL","potentialAction":[{"@type":"ReadAction","target":["https:\/\/mardiaquapark.com\/pl\/privacy\/"]}]},{"@type":"BreadcrumbList","@id":"https:\/\/mardiaquapark.com\/pl\/privacy\/#breadcrumb","itemListElement":[{"@type":"ListItem","position":1,"name":"Portada","item":"https:\/\/mardiaquapark.com\/pl\/"},{"@type":"ListItem","position":2,"name":"Privacy"}]},{"@type":"WebSite","@id":"https:\/\/mardiaquapark.com\/#website","url":"https:\/\/mardiaquapark.com\/","name":"Mardi Aquapark","description":"","publisher":{"@id":"https:\/\/mardiaquapark.com\/#organization"},"potentialAction":[{"@type":"SearchAction","target":{"@type":"EntryPoint","urlTemplate":"https:\/\/mardiaquapark.com\/?s={search_term_string}"},"query-input":{"@type":"PropertyValueSpecification","valueRequired":true,"valueName":"search_term_string"}}],"inLanguage":"pl-PL"},{"@type":"Organization","@id":"https:\/\/mardiaquapark.com\/#organization","name":"Novotel Living","url":"https:\/\/mardiaquapark.com\/","logo":{"@type":"ImageObject","inLanguage":"pl-PL","@id":"https:\/\/mardiaquapark.com\/#\/schema\/logo\/image\/","url":"https:\/\/mardiaquapark.com\/wp-content\/uploads\/2026\/02\/Mercure-Mardi-Aquapark-positivo.png","contentUrl":"https:\/\/mardiaquapark.com\/wp-content\/uploads\/2026\/02\/Mercure-Mardi-Aquapark-positivo.png","width":849,"height":363,"caption":"Novotel Living"},"image":{"@id":"https:\/\/mardiaquapark.com\/#\/schema\/logo\/image\/"}}]}},"_links":{"self":[{"href":"https:\/\/mardiaquapark.com\/pl\/wp-json\/wp\/v2\/pages\/1744","targetHints":{"allow":["GET"]}}],"collection":[{"href":"https:\/\/mardiaquapark.com\/pl\/wp-json\/wp\/v2\/pages"}],"about":[{"href":"https:\/\/mardiaquapark.com\/pl\/wp-json\/wp\/v2\/types\/page"}],"author":[{"embeddable":true,"href":"https:\/\/mardiaquapark.com\/pl\/wp-json\/wp\/v2\/users\/25"}],"replies":[{"embeddable":true,"href":"https:\/\/mardiaquapark.com\/pl\/wp-json\/wp\/v2\/comments?post=1744"}],"version-history":[{"count":10,"href":"https:\/\/mardiaquapark.com\/pl\/wp-json\/wp\/v2\/pages\/1744\/revisions"}],"predecessor-version":[{"id":2117,"href":"https:\/\/mardiaquapark.com\/pl\/wp-json\/wp\/v2\/pages\/1744\/revisions\/2117"}],"wp:attachment":[{"href":"https:\/\/mardiaquapark.com\/pl\/wp-json\/wp\/v2\/media?parent=1744"}],"curies":[{"name":"wp","href":"https:\/\/api.w.org\/{rel}","templated":true}]}}