{"id":1747,"date":"2025-11-12T14:23:07","date_gmt":"2025-11-12T14:23:07","guid":{"rendered":"https:\/\/mardiaquapark.com\/?page_id=1747"},"modified":"2026-03-19T18:56:04","modified_gmt":"2026-03-19T18:56:04","slug":"legal","status":"publish","type":"page","link":"https:\/\/mardiaquapark.com\/pl\/legal\/","title":{"rendered":"Legal"},"content":{"rendered":"\t\t<div data-elementor-type=\"wp-page\" data-elementor-id=\"1747\" class=\"elementor elementor-1747 elementor-541\" data-elementor-post-type=\"page\">\n\t\t\t\t<div class=\"elementor-element elementor-element-3a471c4 e-flex e-con-boxed e-con e-parent\" data-id=\"3a471c4\" data-element_type=\"container\" data-e-type=\"container\">\n\t\t\t\t\t<div class=\"e-con-inner\">\n\t\t\t\t<div class=\"elementor-element elementor-element-3a2b7d8 elementor-widget elementor-widget-text-editor\" data-id=\"3a2b7d8\" data-element_type=\"widget\" data-e-type=\"widget\" data-widget_type=\"text-editor.default\">\n\t\t\t\t\t\t\t\t\t<h1>Nota prawna<\/h1>\nEvoost Real Tech S.L., podmiot odpowiedzialny za niniejsz\u0105 stron\u0119 internetow\u0105, zwany dalej ODPOWIEDZIALNYM, udost\u0119pnia niniejszy dokument u\u017cytkownikom w celu wype\u0142nienia obowi\u0105zk\u00f3w okre\u015blonych w ustawie 34\/2002 z dnia 11 lipca o us\u0142ugach spo\u0142ecze\u0144stwa informacyjnego i handlu elektronicznym (LSSICE), BOE nr 166, a tak\u017ce w celu poinformowania wszystkich u\u017cytkownik\u00f3w strony o warunkach jej u\u017cytkowania.\n\nKa\u017cda osoba uzyskuj\u0105ca dost\u0119p do tej witryny przyjmuje rol\u0119 u\u017cytkownika, zobowi\u0105zuj\u0105c si\u0119 do przestrzegania i rygorystycznego stosowania zawartych tu postanowie\u0144, a tak\u017ce wszelkich innych maj\u0105cych zastosowanie przepis\u00f3w prawa.\n\nEvoost Real Tech S.L. zastrzega sobie prawo do modyfikowania wszelkiego rodzaju informacji, kt\u00f3re mog\u0105 pojawi\u0107 si\u0119 w serwisie, bez obowi\u0105zku wcze\u015bniejszego powiadomienia lub poinformowania u\u017cytkownik\u00f3w o tych zmianach, przyjmuj\u0105c, \u017ce publikacja na stronie internetowej Evoost Real Tech S.L. jest wystarczaj\u0105ca.\n<h2>1. Dane identyfikacyjne<\/h2>\n<ul>\n \t<li><strong>Nazwa domeny:<\/strong> https:\/\/mardiaquapark.com\/<\/li>\n \t<li><strong>Nazwa handlowa:<\/strong> Evoost Real Tech S.L.<\/li>\n \t<li><strong>Nazwa firmy:<\/strong> Evoost Real Tech S.L.<\/li>\n \t<li><strong>NIP:<\/strong> B16420051<\/li>\n \t<li><strong>Siedziba:<\/strong> Calle Jovellanos, 10 BAJO IZQ, 33206 Gij\u00f3n (Asturias), Hiszpania<\/li>\n \t<li><strong>E-mail:<\/strong> protecciondedatos@evoost.ai<\/li>\n<\/ul>\n<h2>2. Prawa w\u0142asno\u015bci intelektualnej i przemys\u0142owej<\/h2>\nStrona internetowa, w tym mi\u0119dzy innymi jej programowanie, edycja, kompilacja i inne elementy niezb\u0119dne do jej dzia\u0142ania, projekty, logotypy, teksty i\/lub grafiki, s\u0105 w\u0142asno\u015bci\u0105 ODPOWIEDZIALNEGO lub &#8211; w stosownych przypadkach &#8211; s\u0105 wykorzystywane na podstawie wyra\u017anej licencji lub upowa\u017cnienia autor\u00f3w. Wszystkie tre\u015bci witryny s\u0105 nale\u017cycie chronione przepisami o w\u0142asno\u015bci intelektualnej i przemys\u0142owej, a tak\u017ce zarejestrowane w odpowiednich rejestrach publicznych.\n\nNiezale\u017cnie od celu, kt\u00f3remu maj\u0105 s\u0142u\u017cy\u0107, ca\u0142kowite lub cz\u0119\u015bciowe powielanie, wykorzystywanie, eksploatacja, dystrybucja i komercjalizacja wymagaj\u0105 w ka\u017cdym przypadku uprzedniej pisemnej zgody ODPOWIEDZIALNEGO. Ka\u017cde u\u017cycie, kt\u00f3re nie zosta\u0142o wcze\u015bniej autoryzowane, uznaje si\u0119 za powa\u017cne naruszenie praw w\u0142asno\u015bci intelektualnej lub przemys\u0142owej autora.\n\nProjekty, logotypy, teksty i\/lub grafiki nienale\u017c\u0105ce do ODPOWIEDZIALNEGO, kt\u00f3re mog\u0105 pojawi\u0107 si\u0119 w serwisie, nale\u017c\u0105 do ich odpowiednich w\u0142a\u015bcicieli, kt\u00f3rzy sami odpowiadaj\u0105 za wszelkie ewentualne kontrowersje, jakie mog\u0105 powsta\u0107 w zwi\u0105zku z nimi. ODPOWIEDZIALNY wyra\u017anie upowa\u017cnia osoby trzecie do bezpo\u015bredniego linkowania do konkretnych tre\u015bci witryny, a w ka\u017cdym przypadku do strony g\u0142\u00f3wnej http:\/\/www.evoost.ai\/.\n\nODPOWIEDZIALNY uznaje na rzecz ich w\u0142a\u015bcicieli odpowiednie prawa w\u0142asno\u015bci intelektualnej i przemys\u0142owej, a sama ich wzmianka lub pojawienie si\u0119 w serwisie nie oznacza istnienia jakichkolwiek praw lub odpowiedzialno\u015bci za nie, ani te\u017c poparcia, sponsoringu lub rekomendacji z jego strony.\n\nWszelkie uwagi dotycz\u0105ce ewentualnych narusze\u0144 praw w\u0142asno\u015bci intelektualnej lub przemys\u0142owej, a tak\u017ce jakichkolwiek tre\u015bci serwisu, mo\u017cna zg\u0142asza\u0107 na adres e-mail hello@evoost.ai.\n<h2>3. Wy\u0142\u0105czenie odpowiedzialno\u015bci<\/h2>\nODPOWIEDZIALNY jest zwolniony z wszelkiej odpowiedzialno\u015bci wynikaj\u0105cej z informacji opublikowanych w jego witrynie, pod warunkiem, \u017ce informacje te zosta\u0142y zmanipulowane lub wprowadzone przez stron\u0119 trzeci\u0105 spoza firmy.\n<h3>Polityka link\u00f3w<\/h3>\nZ poziomu strony internetowej mo\u017cliwe jest przekierowanie do tre\u015bci z witryn os\u00f3b trzecich. Poniewa\u017c ODPOWIEDZIALNY nie zawsze mo\u017ce kontrolowa\u0107 tre\u015bci wprowadzane przez osoby trzecie na ich stronach internetowych, nie ponosi on \u017cadnej odpowiedzialno\u015bci za takie tre\u015bci. W ka\u017cdym przypadku niezw\u0142ocznie przyst\u0105pi do usuni\u0119cia wszelkich tre\u015bci, kt\u00f3re mog\u0142yby narusza\u0107 ustawodawstwo krajowe lub mi\u0119dzynarodowe, moralno\u015b\u0107 lub porz\u0105dek publiczny, niezw\u0142ocznie usuwaj\u0105c przekierowanie do danej witryny i informuj\u0105c w\u0142a\u015bciwe organy o przedmiotowej tre\u015bci.\n\nODPOWIEDZIALNY nie ponosi odpowiedzialno\u015bci za informacje i tre\u015bci przechowywane, przyk\u0142adowo, lecz nie wy\u0142\u0105cznie, na forach, czatach, generatorach blog\u00f3w, komentarzach, portalach spo\u0142eczno\u015bciowych lub w jakichkolwiek innych \u015brodkach umo\u017cliwiaj\u0105cych osobom trzecim samodzielne publikowanie tre\u015bci na stronie ODPOWIEDZIALNEGO. Jednak\u017ce, zgodnie z przepisami art. 11 i 16 LSSICE, oddaje si\u0119 on do dyspozycji wszystkich u\u017cytkownik\u00f3w, organ\u00f3w i si\u0142 bezpiecze\u0144stwa, aktywnie wsp\u00f3\u0142pracuj\u0105c przy usuwaniu lub, w stosownych przypadkach, blokowaniu wszystkich tych tre\u015bci, kt\u00f3re mog\u0105 wp\u0142ywa\u0107 na lub narusza\u0107 ustawodawstwo krajowe lub mi\u0119dzynarodowe, prawa os\u00f3b trzecich b\u0105d\u017a moralno\u015b\u0107 i porz\u0105dek publiczny. Je\u015bli u\u017cytkownik uzna, \u017ce w serwisie znajduj\u0105 si\u0119 tre\u015bci, kt\u00f3re mog\u0142yby zosta\u0107 zakwalifikowane do tej kategorii, prosimy o niezw\u0142oczne powiadomienie administratora witryny.\n\nNiniejsza witryna zosta\u0142a przejrzana i przetestowana pod k\u0105tem prawid\u0142owego dzia\u0142ania. W zasadzie poprawne dzia\u0142anie mo\u017cna zagwarantowa\u0107 przez 365 dni w roku, 24 godziny na dob\u0119. ODPOWIEDZIALNY nie wyklucza jednak mo\u017cliwo\u015bci wyst\u0105pienia pewnych b\u0142\u0119d\u00f3w programistycznych lub wyst\u0105pienia si\u0142y wy\u017cszej, kl\u0119sk \u017cywio\u0142owych, strajk\u00f3w lub podobnych okoliczno\u015bci uniemo\u017cliwiaj\u0105cych dost\u0119p do serwisu.\n<h3>Adresy IP<\/h3>\nSerwery witryny mog\u0105 automatycznie wykrywa\u0107 adres IP i nazw\u0119 domeny u\u017cywan\u0105 przez u\u017cytkownika. Adres IP to numer automatycznie przypisywany do komputera podczas \u0142\u0105czenia si\u0119 z Internetem. Wszystkie te informacje s\u0105 rejestrowane w pliku aktywno\u015bci serwera, kt\u00f3ry umo\u017cliwia p\u00f3\u017aniejsze przetwarzanie danych w celu uzyskania wy\u0142\u0105cznie pomiar\u00f3w statystycznych, pozwalaj\u0105cych pozna\u0107 liczb\u0119 ods\u0142on stron, liczb\u0119 wizyt na serwerach internetowych, kolejno\u015b\u0107 wizyt, punkt dost\u0119pu itp.\n<h2>4. Prawo w\u0142a\u015bciwe i jurysdykcja<\/h2>\nW celu rozstrzygania wszelkich spor\u00f3w lub kwestii zwi\u0105zanych z niniejsz\u0105 stron\u0105 internetow\u0105 lub prowadzonymi na niej dzia\u0142aniami stosuje si\u0119 ustawodawstwo hiszpa\u0144skie, kt\u00f3remu strony wyra\u017anie si\u0119 poddaj\u0105, przy czym w\u0142a\u015bciwe s\u0105 s\u0105dy najbli\u017csze miejscowo\u015bci Gij\u00f3n.\t\t\t\t\t\t\t\t<\/div>\n\t\t\t\t\t<\/div>\n\t\t\t\t<\/div>\n\t\t\t\t<\/div>\n\t\t","protected":false},"excerpt":{"rendered":"<p>Nota prawna Evoost Real Tech S.L., podmiot odpowiedzialny za niniejsz\u0105 stron\u0119 internetow\u0105, zwany dalej ODPOWIEDZIALNYM, udost\u0119pnia niniejszy dokument u\u017cytkownikom w celu wype\u0142nienia obowi\u0105zk\u00f3w okre\u015blonych w ustawie 34\/2002 z dnia 11 lipca o us\u0142ugach spo\u0142ecze\u0144stwa informacyjnego i handlu elektronicznym (LSSICE), BOE nr 166, a tak\u017ce w celu poinformowania wszystkich u\u017cytkownik\u00f3w strony o warunkach jej u\u017cytkowania. Ka\u017cda [&hellip;]<\/p>\n","protected":false},"author":25,"featured_media":0,"parent":0,"menu_order":0,"comment_status":"closed","ping_status":"closed","template":"","meta":{"_acf_changed":false,"footnotes":""},"class_list":["post-1747","page","type-page","status-publish","hentry"],"acf":[],"yoast_head":"<!-- This site is optimized with the Yoast SEO plugin v27.1.1 - https:\/\/yoast.com\/product\/yoast-seo-wordpress\/ -->\n<title>Legal &#8212; Mardi Aqua Park<\/title>\n<meta name=\"robots\" content=\"index, follow, max-snippet:-1, max-image-preview:large, max-video-preview:-1\" \/>\n<link rel=\"canonical\" href=\"https:\/\/mardiaquapark.com\/pl\/legal\/\" \/>\n<meta property=\"og:locale\" content=\"pl_PL\" \/>\n<meta property=\"og:type\" content=\"article\" \/>\n<meta property=\"og:title\" content=\"Legal &#8212; Mardi Aqua Park\" \/>\n<meta property=\"og:description\" content=\"Nota prawna Evoost Real Tech S.L., podmiot odpowiedzialny za niniejsz\u0105 stron\u0119 internetow\u0105, zwany dalej ODPOWIEDZIALNYM, udost\u0119pnia niniejszy dokument u\u017cytkownikom w celu wype\u0142nienia obowi\u0105zk\u00f3w okre\u015blonych w ustawie 34\/2002 z dnia 11 lipca o us\u0142ugach spo\u0142ecze\u0144stwa informacyjnego i handlu elektronicznym (LSSICE), BOE nr 166, a tak\u017ce w celu poinformowania wszystkich u\u017cytkownik\u00f3w strony o warunkach jej u\u017cytkowania. Ka\u017cda [&hellip;]\" \/>\n<meta property=\"og:url\" content=\"https:\/\/mardiaquapark.com\/pl\/legal\/\" \/>\n<meta property=\"og:site_name\" content=\"Mardi Aqua Park\" \/>\n<meta property=\"article:modified_time\" content=\"2026-03-19T18:56:04+00:00\" \/>\n<meta name=\"twitter:card\" content=\"summary_large_image\" \/>\n<meta name=\"twitter:label1\" content=\"Szacowany czas czytania\" \/>\n\t<meta name=\"twitter:data1\" content=\"5 minut\" \/>\n<script type=\"application\/ld+json\" class=\"yoast-schema-graph\">{\"@context\":\"https:\/\/schema.org\",\"@graph\":[{\"@type\":\"WebPage\",\"@id\":\"https:\/\/mardiaquapark.com\/pl\/legal\/\",\"url\":\"https:\/\/mardiaquapark.com\/pl\/legal\/\",\"name\":\"Legal &#8212; Mardi Aqua Park\",\"isPartOf\":{\"@id\":\"https:\/\/mardiaquapark.com\/#website\"},\"datePublished\":\"2025-11-12T14:23:07+00:00\",\"dateModified\":\"2026-03-19T18:56:04+00:00\",\"breadcrumb\":{\"@id\":\"https:\/\/mardiaquapark.com\/pl\/legal\/#breadcrumb\"},\"inLanguage\":\"pl-PL\",\"potentialAction\":[{\"@type\":\"ReadAction\",\"target\":[\"https:\/\/mardiaquapark.com\/pl\/legal\/\"]}]},{\"@type\":\"BreadcrumbList\",\"@id\":\"https:\/\/mardiaquapark.com\/pl\/legal\/#breadcrumb\",\"itemListElement\":[{\"@type\":\"ListItem\",\"position\":1,\"name\":\"Portada\",\"item\":\"https:\/\/mardiaquapark.com\/pl\/\"},{\"@type\":\"ListItem\",\"position\":2,\"name\":\"Legal\"}]},{\"@type\":\"WebSite\",\"@id\":\"https:\/\/mardiaquapark.com\/#website\",\"url\":\"https:\/\/mardiaquapark.com\/\",\"name\":\"Mardi Aquapark\",\"description\":\"\",\"publisher\":{\"@id\":\"https:\/\/mardiaquapark.com\/#organization\"},\"potentialAction\":[{\"@type\":\"SearchAction\",\"target\":{\"@type\":\"EntryPoint\",\"urlTemplate\":\"https:\/\/mardiaquapark.com\/?s={search_term_string}\"},\"query-input\":{\"@type\":\"PropertyValueSpecification\",\"valueRequired\":true,\"valueName\":\"search_term_string\"}}],\"inLanguage\":\"pl-PL\"},{\"@type\":\"Organization\",\"@id\":\"https:\/\/mardiaquapark.com\/#organization\",\"name\":\"Novotel Living\",\"url\":\"https:\/\/mardiaquapark.com\/\",\"logo\":{\"@type\":\"ImageObject\",\"inLanguage\":\"pl-PL\",\"@id\":\"https:\/\/mardiaquapark.com\/#\/schema\/logo\/image\/\",\"url\":\"https:\/\/mardiaquapark.com\/wp-content\/uploads\/2026\/02\/Mercure-Mardi-Aquapark-positivo.png\",\"contentUrl\":\"https:\/\/mardiaquapark.com\/wp-content\/uploads\/2026\/02\/Mercure-Mardi-Aquapark-positivo.png\",\"width\":849,\"height\":363,\"caption\":\"Novotel Living\"},\"image\":{\"@id\":\"https:\/\/mardiaquapark.com\/#\/schema\/logo\/image\/\"}}]}<\/script>\n<!-- \/ Yoast SEO plugin. -->","yoast_head_json":{"title":"Legal &#8212; Mardi Aqua Park","robots":{"index":"index","follow":"follow","max-snippet":"max-snippet:-1","max-image-preview":"max-image-preview:large","max-video-preview":"max-video-preview:-1"},"canonical":"https:\/\/mardiaquapark.com\/pl\/legal\/","og_locale":"pl_PL","og_type":"article","og_title":"Legal &#8212; Mardi Aqua Park","og_description":"Nota prawna Evoost Real Tech S.L., podmiot odpowiedzialny za niniejsz\u0105 stron\u0119 internetow\u0105, zwany dalej ODPOWIEDZIALNYM, udost\u0119pnia niniejszy dokument u\u017cytkownikom w celu wype\u0142nienia obowi\u0105zk\u00f3w okre\u015blonych w ustawie 34\/2002 z dnia 11 lipca o us\u0142ugach spo\u0142ecze\u0144stwa informacyjnego i handlu elektronicznym (LSSICE), BOE nr 166, a tak\u017ce w celu poinformowania wszystkich u\u017cytkownik\u00f3w strony o warunkach jej u\u017cytkowania. Ka\u017cda [&hellip;]","og_url":"https:\/\/mardiaquapark.com\/pl\/legal\/","og_site_name":"Mardi Aqua Park","article_modified_time":"2026-03-19T18:56:04+00:00","twitter_card":"summary_large_image","twitter_misc":{"Szacowany czas czytania":"5 minut"},"schema":{"@context":"https:\/\/schema.org","@graph":[{"@type":"WebPage","@id":"https:\/\/mardiaquapark.com\/pl\/legal\/","url":"https:\/\/mardiaquapark.com\/pl\/legal\/","name":"Legal &#8212; Mardi Aqua Park","isPartOf":{"@id":"https:\/\/mardiaquapark.com\/#website"},"datePublished":"2025-11-12T14:23:07+00:00","dateModified":"2026-03-19T18:56:04+00:00","breadcrumb":{"@id":"https:\/\/mardiaquapark.com\/pl\/legal\/#breadcrumb"},"inLanguage":"pl-PL","potentialAction":[{"@type":"ReadAction","target":["https:\/\/mardiaquapark.com\/pl\/legal\/"]}]},{"@type":"BreadcrumbList","@id":"https:\/\/mardiaquapark.com\/pl\/legal\/#breadcrumb","itemListElement":[{"@type":"ListItem","position":1,"name":"Portada","item":"https:\/\/mardiaquapark.com\/pl\/"},{"@type":"ListItem","position":2,"name":"Legal"}]},{"@type":"WebSite","@id":"https:\/\/mardiaquapark.com\/#website","url":"https:\/\/mardiaquapark.com\/","name":"Mardi Aquapark","description":"","publisher":{"@id":"https:\/\/mardiaquapark.com\/#organization"},"potentialAction":[{"@type":"SearchAction","target":{"@type":"EntryPoint","urlTemplate":"https:\/\/mardiaquapark.com\/?s={search_term_string}"},"query-input":{"@type":"PropertyValueSpecification","valueRequired":true,"valueName":"search_term_string"}}],"inLanguage":"pl-PL"},{"@type":"Organization","@id":"https:\/\/mardiaquapark.com\/#organization","name":"Novotel Living","url":"https:\/\/mardiaquapark.com\/","logo":{"@type":"ImageObject","inLanguage":"pl-PL","@id":"https:\/\/mardiaquapark.com\/#\/schema\/logo\/image\/","url":"https:\/\/mardiaquapark.com\/wp-content\/uploads\/2026\/02\/Mercure-Mardi-Aquapark-positivo.png","contentUrl":"https:\/\/mardiaquapark.com\/wp-content\/uploads\/2026\/02\/Mercure-Mardi-Aquapark-positivo.png","width":849,"height":363,"caption":"Novotel Living"},"image":{"@id":"https:\/\/mardiaquapark.com\/#\/schema\/logo\/image\/"}}]}},"_links":{"self":[{"href":"https:\/\/mardiaquapark.com\/pl\/wp-json\/wp\/v2\/pages\/1747","targetHints":{"allow":["GET"]}}],"collection":[{"href":"https:\/\/mardiaquapark.com\/pl\/wp-json\/wp\/v2\/pages"}],"about":[{"href":"https:\/\/mardiaquapark.com\/pl\/wp-json\/wp\/v2\/types\/page"}],"author":[{"embeddable":true,"href":"https:\/\/mardiaquapark.com\/pl\/wp-json\/wp\/v2\/users\/25"}],"replies":[{"embeddable":true,"href":"https:\/\/mardiaquapark.com\/pl\/wp-json\/wp\/v2\/comments?post=1747"}],"version-history":[{"count":13,"href":"https:\/\/mardiaquapark.com\/pl\/wp-json\/wp\/v2\/pages\/1747\/revisions"}],"predecessor-version":[{"id":2118,"href":"https:\/\/mardiaquapark.com\/pl\/wp-json\/wp\/v2\/pages\/1747\/revisions\/2118"}],"wp:attachment":[{"href":"https:\/\/mardiaquapark.com\/pl\/wp-json\/wp\/v2\/media?parent=1747"}],"curies":[{"name":"wp","href":"https:\/\/api.w.org\/{rel}","templated":true}]}}